
{"id":2678,"date":"2015-08-19T11:26:19","date_gmt":"2015-08-19T11:26:19","guid":{"rendered":"http:\/\/socialpartner.linuxgood.kraftwerk.co.at\/wordpress\/?page_id=2678&#038;lang=fr"},"modified":"2015-09-28T06:26:52","modified_gmt":"2015-09-28T06:26:52","slug":"abkommen","status":"publish","type":"page","link":"https:\/\/www.sozialpartner.at\/?page_id=2678&lang=fr","title":{"rendered":"Aufgaben"},"content":{"rendered":"<div class=\"wpb-content-wrapper\"><p>[vc_row css=&#8220;.vc_custom_1437121732241{padding-top: 40px !important;}&#8220;][vc_column width=&#8220;2\/12&#8243;][vc_column_text]<br \/>\n[\/vc_column_text][\/vc_column][vc_column width=&#8220;3\/12&#8243;]<div class=\"sp-boxed-side-navigation\">\r\n             <div class=\"sp-navigation-header\">\r\n                <a href=\"#\">Sozialpartner<\/a>\r\n             <\/div>\r\n             <div class=\"sp-navigation-content\">\r\n                <ul><\/ul>\r\n             <\/div>\r\n          <\/div>[\/vc_column][vc_column width=&#8220;5\/12&#8243;][vc_custom_heading text=&#8220;Aufgaben der Sozialpartner&#8220; font_container=&#8220;tag:h3|text_align:left&#8220; use_theme_fonts=&#8220;yes&#8220;][vc_empty_space height=&#8220;20&#8243;][vc_column_text css=&#8220;.vc_custom_1443421598578{margin-top: -14px !important;}&#8220;]<br \/>\n[\/vc_column_text][\/vc_column][vc_column width=&#8220;2\/12&#8243;][vc_column_text]<br \/>\n[\/vc_column_text][\/vc_column][\/vc_row][vc_row css=&#8220;.vc_custom_1437121554565{padding-top: 40px !important;}&#8220;][vc_column width=&#8220;2\/12&#8243;][vc_column_text]<br \/>\n[\/vc_column_text][\/vc_column][vc_column width=&#8220;8\/12&#8243;][vc_single_image image=&#8220;246&#8243; img_size=&#8220;full&#8220; alignment=&#8220;center&#8220;][\/vc_column][vc_column width=&#8220;2\/12&#8243;][vc_column_text]<br \/>\n[\/vc_column_text][\/vc_column][\/vc_row][vc_row css=&#8220;.vc_custom_1440755468759{padding-top: 20px !important;}&#8220;][vc_column width=&#8220;2\/12&#8243;][vc_column_text]<br \/>\n[\/vc_column_text][\/vc_column][vc_column width=&#8220;8\/12&#8243;][vc_column_text]<b>I<\/b>m Rahmen der Sozialpartnerschaft werden von den Sozialpartnern vielf\u00e4ltige Aufgaben wahrgenommen.<br \/>\nDazu geh\u00f6ren:[\/vc_column_text][\/vc_column][vc_column width=&#8220;2\/12&#8243;][vc_column_text]<br \/>\n[\/vc_column_text][\/vc_column][\/vc_row][vc_row css=&#8220;.vc_custom_1440755468759{padding-top: 20px !important;}&#8220;][vc_column width=&#8220;2\/12&#8243;][vc_column_text]<br \/>\n[\/vc_column_text][\/vc_column][vc_column width=&#8220;8\/12&#8243;][vc_column_text]<strong>Duale Berufsbildung:<\/strong><br \/>\nDas \u201eduale System\u201c (Lehre) bezeichnet die parallele Ausbildung in Betrieb und Berufsschule. F\u00fcr das Funktionieren der dualen Berufsbildung spielen die Sozialpartner eine entscheidende Rolle, z.B. durch Schaffung von Rahmenbedingungen, Initiativen zur Modernisierung der Lehrberufe, Entwicklung von neuen Lehrberufen, Lehrabschlusspr\u00fcfungen, Pr\u00fcfungen, F\u00f6rderungen und Kontrollen.[\/vc_column_text][\/vc_column][vc_column width=&#8220;2\/12&#8243;][vc_column_text]<br \/>\n[\/vc_column_text][\/vc_column][\/vc_row][vc_row css=&#8220;.vc_custom_1440755608385{padding-top: 20px !important;}&#8220;][vc_column width=&#8220;2\/12&#8243;][vc_column_text]<br \/>\n[\/vc_column_text][\/vc_column][vc_column width=&#8220;8\/12&#8243;][vc_column_text]<strong>Kollektivvertr\u00e4ge:<\/strong><br \/>\nwerden auf Arbeitgeberseite in aller Regel von der jeweiligen Unterorganisation der Wirtschaftskammer und auf Arbeitnehmerseite von den Fachgewerkschaften abgeschlossen. F\u00fcr knapp 98 Prozent der \u00f6sterreichischen Arbeitnehmer der gewerblichen Wirtschaft gelten Kollektivvertr\u00e4ge.[\/vc_column_text][\/vc_column][vc_column width=&#8220;2\/12&#8243;][vc_column_text]<br \/>\n[\/vc_column_text][\/vc_column][\/vc_row][vc_row css=&#8220;.vc_custom_1440755608385{padding-top: 20px !important;}&#8220;][vc_column width=&#8220;2\/12&#8243;][vc_column_text]<br \/>\n[\/vc_column_text][\/vc_column][vc_column width=&#8220;8\/12&#8243;][vc_column_text]<\/p>\n<p>Eine \u00f6sterreichische Besonderheit liegt darin, dass sich die Sozialpartnerschaft dar\u00fcber hinaus auf praktisch alle Gebiete der Wirtschafts- und Sozialpolitik erstreckt. Deshalb gilt \u00d6sterreich auch als Musterbeispiel des Korporatismus, also der umfassenden und koordinierten Interessenvertretung.<\/p>\n<p>[\/vc_column_text][\/vc_column][vc_column width=&#8220;2\/12&#8243;][vc_column_text]<br \/>\n[\/vc_column_text][\/vc_column][\/vc_row][vc_row css=&#8220;.vc_custom_1440755608385{padding-top: 20px !important;}&#8220;][vc_column width=&#8220;2\/12&#8243;][vc_column_text]<br \/>\n[\/vc_column_text][\/vc_column][vc_column width=&#8220;8\/12&#8243;][vc_column_text]<\/p>\n<p>Zu den Hauptfeldern sozialpartnerschaftlicher Politikgestaltung z\u00e4hlt die Mitgestaltung in der <strong>Gesetzgebung<\/strong>, der <strong>Verwaltung<\/strong>, der <strong>Gerichtsbarkeit <\/strong>sowie in der <strong>Sozialpolitik.<\/strong><\/p>\n<p>[\/vc_column_text][\/vc_column][vc_column width=&#8220;2\/12&#8243;][vc_column_text]<br \/>\n[\/vc_column_text][\/vc_column][\/vc_row][vc_row css=&#8220;.vc_custom_1440755608385{padding-top: 20px !important;}&#8220;][vc_column width=&#8220;2\/12&#8243;][vc_column_text]<br \/>\n[\/vc_column_text][\/vc_column][vc_column width=&#8220;8\/12&#8243;][vc_column_text]<strong>Gesetzgebung:<\/strong><br \/>\nDie Verb\u00e4nde haben u.a. das Recht auf Begutachtung von Gesetzesvorlagen, zur Einbringung von Vorschl\u00e4gen in gesetzgebenden K\u00f6rperschaften und zur Formulierung von Gesetzesentw\u00fcrfen im zentralen Interessenbereich der Sozialpartner (z.B. Sozial- und Arbeitsrecht).[\/vc_column_text][\/vc_column][vc_column width=&#8220;2\/12&#8243;][vc_column_text]<br \/>\n[\/vc_column_text][\/vc_column][\/vc_row][vc_row css=&#8220;.vc_custom_1440755608385{padding-top: 20px !important;}&#8220;][vc_column width=&#8220;2\/12&#8243;][vc_column_text]<br \/>\n[\/vc_column_text][\/vc_column][vc_column width=&#8220;8\/12&#8243;][vc_column_text]<strong>Verwaltung<\/strong>:<br \/>\nDie Sozialpartner wirken in zahlreichen Kommissionen, Beir\u00e4ten und Aussch\u00fcssen mit, etwa im Lehrlingswesen, bei der Kontrolle von Arbeitsbedingungen, bei der Ausstellung von Ursprungszeugnissen, in Wettbewerbspolitik und Kartellwesen, in der Arbeitsmarktpolitik, der Konsumentenpolitik und in F\u00f6rderungseinrichtungen.[\/vc_column_text][\/vc_column][vc_column width=&#8220;2\/12&#8243;][vc_column_text]<br \/>\n[\/vc_column_text][\/vc_column][\/vc_row][vc_row css=&#8220;.vc_custom_1440755608385{padding-top: 20px !important;}&#8220;][vc_column width=&#8220;2\/12&#8243;][vc_column_text]<br \/>\n[\/vc_column_text][\/vc_column][vc_column width=&#8220;8\/12&#8243;][vc_column_text]<strong>Gerichtsbarkeit:<\/strong><br \/>\nDie Sozialpartner erbringen Vorschl\u00e4ge f\u00fcr die Ernennung von Laienrichtern bei Arbeits- und Sozialgerichten, und sie stellen Beisitzer im Kartellgericht.[\/vc_column_text][\/vc_column][vc_column width=&#8220;2\/12&#8243;][vc_column_text]<br \/>\n[\/vc_column_text][\/vc_column][\/vc_row][vc_row css=&#8220;.vc_custom_1440762149135{padding-top: 30px !important;}&#8220;][vc_column width=&#8220;2\/12&#8243;][vc_column_text]<br \/>\n[\/vc_column_text][\/vc_column][vc_column width=&#8220;8\/12&#8243;][vc_column_text]<\/p>\n<p><strong>In der<\/strong> <strong>Sozialversicherung<\/strong> besteht ein wichtiger T\u00e4tigkeitsbereich der Verb\u00e4nde in der Entsendung von VertreterInnen in die Pensions-, Kranken- und Unfallversicherungen, die als \u00f6ffentlich-rechtliche Selbstverwaltungsk\u00f6rper organisiert sind.<\/p>\n<p>[\/vc_column_text][\/vc_column][vc_column width=&#8220;2\/12&#8243;][vc_column_text]<br \/>\n[\/vc_column_text][\/vc_column][\/vc_row][vc_row css=&#8220;.vc_custom_1440755608385{padding-top: 20px !important;}&#8220;][vc_column width=&#8220;2\/12&#8243;][vc_column_text]<br \/>\n[\/vc_column_text][\/vc_column][vc_column width=&#8220;8\/12&#8243;][vc_column_text]<\/p>\n<p>Zu den Aufgaben der Sozialpartnerschaft z\u00e4hlt auch die informelle Verhandlungsf\u00fchrung und Probleml\u00f6sungskompetenz in Bereichen, in welchen die Interessenverb\u00e4nde \u00fcber besondere Expertise verf\u00fcgen, wie etwa in Angelegenheiten des Arbeitsrechts und Sozialrechts, aber auch des Gewerbe- und Familienrechts, wo eine Einigung auf Sozialpartnerebene vielfach eine notwendige Vorleistung f\u00fcr eine sachgerechte L\u00f6sung auf politischer Ebene ist.<\/p>\n<p>[\/vc_column_text][\/vc_column][vc_column width=&#8220;2\/12&#8243;][vc_column_text]<br \/>\n[\/vc_column_text][\/vc_column][\/vc_row]<\/p>\n<\/div>","protected":false},"excerpt":{"rendered":"<p>[vc_row css=&#8220;.vc_custom_1437121732241{padding-top: 40px !important;}&#8220;][vc_column width=&#8220;2\/12&#8243;][vc_column_text] [\/vc_column_text][\/vc_column][vc_column width=&#8220;3\/12&#8243;][\/vc_column][vc_column width=&#8220;5\/12&#8243;][vc_custom_heading text=&#8220;Aufgaben der Sozialpartner&#8220; font_container=&#8220;tag:h3|text_align:left&#8220; use_theme_fonts=&#8220;yes&#8220;][vc_empty_space height=&#8220;20&#8243;][vc_column_text css=&#8220;.vc_custom_1443421598578{margin-top: -14px !important;}&#8220;] [\/vc_column_text][\/vc_column][vc_column width=&#8220;2\/12&#8243;][vc_column_text] [\/vc_column_text][\/vc_column][\/vc_row][vc_row css=&#8220;.vc_custom_1437121554565{padding-top: 40px !important;}&#8220;][vc_column width=&#8220;2\/12&#8243;][vc_column_text] [\/vc_column_text][\/vc_column][vc_column width=&#8220;8\/12&#8243;][vc_single_image image=&#8220;246&#8243; img_size=&#8220;full&#8220; alignment=&#8220;center&#8220;][\/vc_column][vc_column width=&#8220;2\/12&#8243;][vc_column_text] [\/vc_column_text][\/vc_column][\/vc_row][vc_row css=&#8220;.vc_custom_1440755468759{padding-top: 20px !important;}&#8220;][vc_column width=&#8220;2\/12&#8243;][vc_column_text] [\/vc_column_text][\/vc_column][vc_column width=&#8220;8\/12&#8243;][vc_column_text]Im Rahmen der Sozialpartnerschaft werden von den Sozialpartnern vielf\u00e4ltige Aufgaben wahrgenommen. Dazu geh\u00f6ren:[\/vc_column_text][\/vc_column][vc_column width=&#8220;2\/12&#8243;][vc_column_text] [\/vc_column_text][\/vc_column][\/vc_row][vc_row css=&#8220;.vc_custom_1440755468759{padding-top: 20px !important;}&#8220;][vc_column width=&#8220;2\/12&#8243;][vc_column_text] [&hellip;]<\/p>\n","protected":false},"author":1,"featured_media":0,"parent":2672,"menu_order":30,"comment_status":"open","ping_status":"open","template":"","meta":{"footnotes":""},"class_list":["post-2678","page","type-page","status-publish","hentry"],"_links":{"self":[{"href":"https:\/\/www.sozialpartner.at\/index.php?rest_route=\/wp\/v2\/pages\/2678","targetHints":{"allow":["GET"]}}],"collection":[{"href":"https:\/\/www.sozialpartner.at\/index.php?rest_route=\/wp\/v2\/pages"}],"about":[{"href":"https:\/\/www.sozialpartner.at\/index.php?rest_route=\/wp\/v2\/types\/page"}],"author":[{"embeddable":true,"href":"https:\/\/www.sozialpartner.at\/index.php?rest_route=\/wp\/v2\/users\/1"}],"replies":[{"embeddable":true,"href":"https:\/\/www.sozialpartner.at\/index.php?rest_route=%2Fwp%2Fv2%2Fcomments&post=2678"}],"version-history":[{"count":0,"href":"https:\/\/www.sozialpartner.at\/index.php?rest_route=\/wp\/v2\/pages\/2678\/revisions"}],"up":[{"embeddable":true,"href":"https:\/\/www.sozialpartner.at\/index.php?rest_route=\/wp\/v2\/pages\/2672"}],"wp:attachment":[{"href":"https:\/\/www.sozialpartner.at\/index.php?rest_route=%2Fwp%2Fv2%2Fmedia&parent=2678"}],"curies":[{"name":"wp","href":"https:\/\/api.w.org\/{rel}","templated":true}]}}