
{"id":2727,"date":"2015-09-01T15:06:08","date_gmt":"2015-09-01T15:06:08","guid":{"rendered":"http:\/\/socialpartner.linuxgood.kraftwerk.co.at\/wordpress\/?page_id=2727&#038;lang=en"},"modified":"2026-01-19T09:07:13","modified_gmt":"2026-01-19T09:07:13","slug":"kontakt","status":"publish","type":"page","link":"https:\/\/www.sozialpartner.at\/?page_id=2727&lang=en","title":{"rendered":"Kontakt"},"content":{"rendered":"<div class=\"wpb-content-wrapper\"><p>[vc_row css=&#8220;.vc_custom_1437121554565{padding-top: 40px !important;}&#8220;][vc_column width=&#8220;2\/12&#8243;][vc_column_text]<br \/>\n[\/vc_column_text][\/vc_column][vc_column width=&#8220;8\/12&#8243;][vc_single_image image=&#8220;4948&#8243; img_size=&#8220;full&#8220; alignment=&#8220;center&#8220;][\/vc_column][vc_column width=&#8220;2\/12&#8243;][vc_column_text]<br \/>\n[\/vc_column_text][\/vc_column][\/vc_row][vc_row][vc_column width=&#8220;2\/12&#8243;][vc_column_text]<br \/>\n[\/vc_column_text][\/vc_column][vc_column width=&#8220;8\/12&#8243;][vc_custom_heading text=&#8220;Gesch\u00e4ftsf\u00fchrung des Beirats&#8220; font_container=&#8220;tag:h3|text_align:left&#8220; use_theme_fonts=&#8220;yes&#8220;][vc_column_text css=&#8220;&#8220;]<b>Mag. Karin Steigenberger, BA<\/b><br \/>\nWirtschaftskammer \u00d6sterreich (WK\u00d6)<br \/>\nAbteilung f\u00fcr Wirtschaftspolitik<br \/>\nA-1040 Wien, Wiedner Hauptstra\u00dfe 63<br \/>\nTel.: <span class=\"baec5a81-e4d6-4674-97f3-e9220f0136c1\" style=\"white-space: nowrap;\">+43 (0)5 90 900-3432<a style=\"margin: 0px; border: currentColor; left: 0px; top: 0px; width: 16px; height: 16px; right: 0px; bottom: 0px; overflow: hidden; vertical-align: middle; float: none; display: inline; white-space: nowrap; position: static !important;\" title=\"Anrufen: +43 (0)5 90 900-4262\" href=\"#\"><img decoding=\"async\" style=\"margin: 0px; border: currentColor; left: 0px; top: 0px; width: 16px; height: 16px; right: 0px; bottom: 0px; overflow: hidden; vertical-align: middle; float: none; display: inline; white-space: nowrap; position: static !important;\" title=\"Anrufen: +43 (0)5 90 900-4262\" src=\"data:image\/png;base64,iVBORw0KGgoAAAANSUhEUgAAABAAAAAQCAYAAAAf8\/9hAAAACXBIWXMAAA7EAAAOxAGVKw4bAAAAIGNIUk0AAHolAACAgwAA+f8AAIDpAAB1MAAA6mAAADqYAAAXb5JfxUYAAAKLSURBVHjadJPfS5NhFMe\/21xvuhXRyJAZroiSrJnbRdT7vrAf5HBaK5RABmEEwQIvkpZ\/QRcWXdSFw5soKaF0F7qZeLO13mGBDpQsf5CoxVKHOt0Pctp2uvEdrzG\/V+c553w\/54HnPDIiQiGpPMETABoB2AAYd9MRAMMAvGmX+RcAyAoBVJ7gZQDtABworH4AHWmX+bOMZdkjCoXiUzabvcAwzPSsob5p\/VTNY9GcdpnxdmYZ9wJThSCtCr1e\/4XjuNPd3d1KjUZzaGbI27ysqzGQoggAsLa1A7ehArrDxfDNr0oBlQB+wmKxbJFEL968SxoamsjkHaPU9l9piUo6A0RE1DG2QCWdASrpDAzJM5kMI8XecdjVxfEl+K9dxFgsgUvvR6HyBKHyBAEATyKLeGSsENuNcqk5kUjEGm7fzcYqr0ClVODl99+YXEvl6+c1amjVe+ahiGGYaUEQKnmeh91uL43rqheixjpdmzCL11er0PcjhrTLvMfUJsyKYUSeyWQ6enp6tgCgrKxsfbP8bB8AdE1G89cOReMAgOv+Cag8QXRNRkXAsDwcDr+am5tLCYKA3t7eo2dG+1vVK\/MfpRPtA+MIReMYaKj+\/xm9MiICx3EmpVL5wefzFavValis1u1vvHMkdfykCQC0kSGUTo+Ajmnx1dSC7IGD+UUCEYGIwLKsyWazrSeTSSIiMpnNf7Ttz5+ec96fr7\/VnE0mk+QfHMzV3WjcKH\/4rEr05QGFIA6HY4llWRLPRER+v3\/HYrFMFQSIkNra2tVQKJSlfcSyLO0LECFWq3XF6XRGA4HAptTsdrsXeZ6fEHtl+31nAOA4rkUulz\/I5XL63dQGgHEAN8Ph8AYA\/BsAt4ube4GblQIAAAAASUVORK5CYII=\" alt=\"\" \/><\/a><\/span><br \/>\n<a href=\"mailto:karin.steigenberger@wko.at\">karin.steigenberger[@]wko.at<\/a>[\/vc_column_text][vc_separator css=&#8220;.vc_custom_1443686692566{padding-top: 10px !important;padding-bottom: 10px !important;}&#8220;][vc_column_text]<b>Mag. Thomas Zotter<\/b><br \/>\nAK Wien &#8211; Abteilung Wirtschaftswissenschaft und Statistik<br \/>\nA-1040 Wien, Prinz Eugen Stra\u00dfe 20-22<br \/>\nTel <span class=\"baec5a81-e4d6-4674-97f3-e9220f0136c1\" style=\"white-space: nowrap;\">+43 1 501 65-2637<a style=\"margin: 0px; border: currentColor; left: 0px; top: 0px; width: 16px; height: 16px; right: 0px; bottom: 0px; overflow: hidden; vertical-align: middle; float: none; display: inline; white-space: nowrap; position: static !important;\" title=\"Anrufen: +43 1 501 65-2637\" href=\"#\"><img decoding=\"async\" style=\"margin: 0px; border: currentColor; left: 0px; top: 0px; width: 16px; height: 16px; right: 0px; bottom: 0px; overflow: hidden; vertical-align: middle; float: none; display: inline; white-space: nowrap; position: static !important;\" title=\"Anrufen: +43 1 501 65-2637\" src=\"data:image\/png;base64,iVBORw0KGgoAAAANSUhEUgAAABAAAAAQCAYAAAAf8\/9hAAAACXBIWXMAAA7EAAAOxAGVKw4bAAAAIGNIUk0AAHolAACAgwAA+f8AAIDpAAB1MAAA6mAAADqYAAAXb5JfxUYAAAKLSURBVHjadJPfS5NhFMe\/21xvuhXRyJAZroiSrJnbRdT7vrAf5HBaK5RABmEEwQIvkpZ\/QRcWXdSFw5soKaF0F7qZeLO13mGBDpQsf5CoxVKHOt0Pctp2uvEdrzG\/V+c553w\/54HnPDIiQiGpPMETABoB2AAYd9MRAMMAvGmX+RcAyAoBVJ7gZQDtABworH4AHWmX+bOMZdkjCoXiUzabvcAwzPSsob5p\/VTNY9GcdpnxdmYZ9wJThSCtCr1e\/4XjuNPd3d1KjUZzaGbI27ysqzGQoggAsLa1A7ehArrDxfDNr0oBlQB+wmKxbJFEL968SxoamsjkHaPU9l9piUo6A0RE1DG2QCWdASrpDAzJM5kMI8XecdjVxfEl+K9dxFgsgUvvR6HyBKHyBAEATyKLeGSsENuNcqk5kUjEGm7fzcYqr0ClVODl99+YXEvl6+c1amjVe+ahiGGYaUEQKnmeh91uL43rqheixjpdmzCL11er0PcjhrTLvMfUJsyKYUSeyWQ6enp6tgCgrKxsfbP8bB8AdE1G89cOReMAgOv+Cag8QXRNRkXAsDwcDr+am5tLCYKA3t7eo2dG+1vVK\/MfpRPtA+MIReMYaKj+\/xm9MiICx3EmpVL5wefzFavValis1u1vvHMkdfykCQC0kSGUTo+Ajmnx1dSC7IGD+UUCEYGIwLKsyWazrSeTSSIiMpnNf7Ttz5+ec96fr7\/VnE0mk+QfHMzV3WjcKH\/4rEr05QGFIA6HY4llWRLPRER+v3\/HYrFMFQSIkNra2tVQKJSlfcSyLO0LECFWq3XF6XRGA4HAptTsdrsXeZ6fEHtl+31nAOA4rkUulz\/I5XL63dQGgHEAN8Ph8AYA\/BsAt4ube4GblQIAAAAASUVORK5CYII=\" alt=\"\" \/><\/a><\/span><br \/>\nFax <span class=\"baec5a81-e4d6-4674-97f3-e9220f0136c1\" style=\"white-space: nowrap;\">+43 1 501 65-2513<a style=\"margin: 0px; border: currentColor; left: 0px; top: 0px; width: 16px; height: 16px; right: 0px; bottom: 0px; overflow: hidden; vertical-align: middle; float: none; display: inline; white-space: nowrap; position: static !important;\" title=\"Anrufen: +43 1 501 65-2513\" href=\"#\"><img decoding=\"async\" style=\"margin: 0px; border: currentColor; left: 0px; top: 0px; width: 16px; height: 16px; right: 0px; bottom: 0px; overflow: hidden; vertical-align: middle; float: none; display: inline; white-space: nowrap; position: static !important;\" title=\"Anrufen: +43 1 501 65-2513\" src=\"data:image\/png;base64,iVBORw0KGgoAAAANSUhEUgAAABAAAAAQCAYAAAAf8\/9hAAAACXBIWXMAAA7EAAAOxAGVKw4bAAAAIGNIUk0AAHolAACAgwAA+f8AAIDpAAB1MAAA6mAAADqYAAAXb5JfxUYAAAKLSURBVHjadJPfS5NhFMe\/21xvuhXRyJAZroiSrJnbRdT7vrAf5HBaK5RABmEEwQIvkpZ\/QRcWXdSFw5soKaF0F7qZeLO13mGBDpQsf5CoxVKHOt0Pctp2uvEdrzG\/V+c553w\/54HnPDIiQiGpPMETABoB2AAYd9MRAMMAvGmX+RcAyAoBVJ7gZQDtABworH4AHWmX+bOMZdkjCoXiUzabvcAwzPSsob5p\/VTNY9GcdpnxdmYZ9wJThSCtCr1e\/4XjuNPd3d1KjUZzaGbI27ysqzGQoggAsLa1A7ehArrDxfDNr0oBlQB+wmKxbJFEL968SxoamsjkHaPU9l9piUo6A0RE1DG2QCWdASrpDAzJM5kMI8XecdjVxfEl+K9dxFgsgUvvR6HyBKHyBAEATyKLeGSsENuNcqk5kUjEGm7fzcYqr0ClVODl99+YXEvl6+c1amjVe+ahiGGYaUEQKnmeh91uL43rqheixjpdmzCL11er0PcjhrTLvMfUJsyKYUSeyWQ6enp6tgCgrKxsfbP8bB8AdE1G89cOReMAgOv+Cag8QXRNRkXAsDwcDr+am5tLCYKA3t7eo2dG+1vVK\/MfpRPtA+MIReMYaKj+\/xm9MiICx3EmpVL5wefzFavValis1u1vvHMkdfykCQC0kSGUTo+Ajmnx1dSC7IGD+UUCEYGIwLKsyWazrSeTSSIiMpnNf7Ttz5+ec96fr7\/VnE0mk+QfHMzV3WjcKH\/4rEr05QGFIA6HY4llWRLPRER+v3\/HYrFMFQSIkNra2tVQKJSlfcSyLO0LECFWq3XF6XRGA4HAptTsdrsXeZ6fEHtl+31nAOA4rkUulz\/I5XL63dQGgHEAN8Ph8AYA\/BsAt4ube4GblQIAAAAASUVORK5CYII=\" alt=\"\" \/><\/a><\/span><br \/>\n<a href=\"mailto:thomas.zotter@akwien.at\">thomas.zotter[@]akwien.at<\/a>[\/vc_column_text][\/vc_column][vc_column width=&#8220;2\/12&#8243;][vc_column_text]<br \/>\n[\/vc_column_text][\/vc_column][\/vc_row][vc_row css=&#8220;.vc_custom_1443691070263{padding-top: -20px !important;}&#8220;][vc_column width=&#8220;2\/12&#8243;][vc_column_text]<br \/>\n[\/vc_column_text][\/vc_column][vc_column width=&#8220;8\/12&#8243;]<section class=\"sp-content-section\">\r\n               <div class=\"sp-link-list-element\">\r\n                  <div class=\"sp-link-list-header\"><div>Links<\/div><\/div>\r\n                  <div class=\"sp-link-list-content\"><div class=\"sp-single-link\">\r\n              <img decoding=\"async\" src=\"https:\/\/www.sozialpartner.at\/wp-content\/themes\/tema\/images\/assets\/link.png\" alt=\"\" \/>\r\n              <a href=\"http:\/\/www.arbeitundalter.at\/cms\/Z03\/Z03_0\/home\" target=\"_blank\">Arbeit und Alter<\/a>\r\n           <\/div><div class=\"sp-single-link\">\r\n              <img decoding=\"async\" src=\"https:\/\/www.sozialpartner.at\/wp-content\/themes\/tema\/images\/assets\/link.png\" alt=\"\" \/>\r\n              <a href=\"http:\/\/www.arbeitundbehinderung.at\/de\/\" target=\"_blank\">Arbeit und Behinderung<\/a>\r\n           <\/div><div class=\"sp-single-link\">\r\n              <img decoding=\"async\" src=\"https:\/\/www.sozialpartner.at\/wp-content\/themes\/tema\/images\/assets\/link.png\" alt=\"\" \/>\r\n              <a href=\"http:\/\/www.eesc.europa.eu\/ceslink\/?i=ceslink.en.home\" target=\"_blank\">Wirtschafts- und Sozialr\u00e4te in der Europ\u00e4ischen Union<\/a>\r\n           <\/div><div class=\"sp-single-link\">\r\n              <img decoding=\"async\" src=\"https:\/\/www.sozialpartner.at\/wp-content\/themes\/tema\/images\/assets\/link.png\" alt=\"\" \/>\r\n              <a href=\"https:\/\/www.wko.at\/Content.Node\/Service\/Arbeitsrecht-und-Sozialrecht\/Kollektivvertraege\/kvdb.html\" target=\"_blank\">Kollektivvertragsdatenbank der WK\u00d6<\/a>\r\n           <\/div><div class=\"sp-single-link\">\r\n              <img decoding=\"async\" src=\"https:\/\/www.sozialpartner.at\/wp-content\/themes\/tema\/images\/assets\/link.png\" alt=\"\" \/>\r\n              <a href=\"http:\/\/www.kollektivvertrag.at\/cms\/KV\/KV_0\" target=\"_blank\">Kollektivvertragsdatenbank von \u00d6GB und Gewerkschaften<\/a>\r\n           <\/div><\/div>\r\n               <\/div>\r\n            <\/section>[\/vc_column][vc_column width=&#8220;2\/12&#8243;][vc_column_text]<br \/>\n[\/vc_column_text][\/vc_column][\/vc_row]<\/p>\n<\/div>","protected":false},"excerpt":{"rendered":"<p>[vc_row css=&#8220;.vc_custom_1437121554565{padding-top: 40px !important;}&#8220;][vc_column width=&#8220;2\/12&#8243;][vc_column_text] [\/vc_column_text][\/vc_column][vc_column width=&#8220;8\/12&#8243;][vc_single_image image=&#8220;4948&#8243; img_size=&#8220;full&#8220; alignment=&#8220;center&#8220;][\/vc_column][vc_column width=&#8220;2\/12&#8243;][vc_column_text] [\/vc_column_text][\/vc_column][\/vc_row][vc_row][vc_column width=&#8220;2\/12&#8243;][vc_column_text] [\/vc_column_text][\/vc_column][vc_column width=&#8220;8\/12&#8243;][vc_custom_heading text=&#8220;Gesch\u00e4ftsf\u00fchrung des Beirats&#8220; font_container=&#8220;tag:h3|text_align:left&#8220; use_theme_fonts=&#8220;yes&#8220;][vc_column_text css=&#8220;&#8220;]Mag. Karin Steigenberger, BA Wirtschaftskammer \u00d6sterreich (WK\u00d6) Abteilung f\u00fcr Wirtschaftspolitik A-1040 Wien, Wiedner Hauptstra\u00dfe 63 Tel.: +43 (0)5 90 900-3432 karin.steigenberger[@]wko.at[\/vc_column_text][vc_separator css=&#8220;.vc_custom_1443686692566{padding-top: 10px !important;padding-bottom: 10px !important;}&#8220;][vc_column_text]Mag. Thomas Zotter AK Wien &#8211; Abteilung Wirtschaftswissenschaft und Statistik [&hellip;]<\/p>\n","protected":false},"author":1,"featured_media":0,"parent":0,"menu_order":999,"comment_status":"closed","ping_status":"closed","template":"","meta":{"footnotes":""},"class_list":["post-2727","page","type-page","status-publish","hentry"],"_links":{"self":[{"href":"https:\/\/www.sozialpartner.at\/index.php?rest_route=\/wp\/v2\/pages\/2727","targetHints":{"allow":["GET"]}}],"collection":[{"href":"https:\/\/www.sozialpartner.at\/index.php?rest_route=\/wp\/v2\/pages"}],"about":[{"href":"https:\/\/www.sozialpartner.at\/index.php?rest_route=\/wp\/v2\/types\/page"}],"author":[{"embeddable":true,"href":"https:\/\/www.sozialpartner.at\/index.php?rest_route=\/wp\/v2\/users\/1"}],"replies":[{"embeddable":true,"href":"https:\/\/www.sozialpartner.at\/index.php?rest_route=%2Fwp%2Fv2%2Fcomments&post=2727"}],"version-history":[{"count":6,"href":"https:\/\/www.sozialpartner.at\/index.php?rest_route=\/wp\/v2\/pages\/2727\/revisions"}],"predecessor-version":[{"id":7402,"href":"https:\/\/www.sozialpartner.at\/index.php?rest_route=\/wp\/v2\/pages\/2727\/revisions\/7402"}],"wp:attachment":[{"href":"https:\/\/www.sozialpartner.at\/index.php?rest_route=%2Fwp%2Fv2%2Fmedia&parent=2727"}],"curies":[{"name":"wp","href":"https:\/\/api.w.org\/{rel}","templated":true}]}}