
{"id":4341,"date":"2017-04-05T12:28:42","date_gmt":"2017-04-05T12:28:42","guid":{"rendered":"https:\/\/www.sozialpartner.at\/?page_id=4341"},"modified":"2017-04-05T13:23:50","modified_gmt":"2017-04-05T13:23:50","slug":"enquete-2017","status":"publish","type":"page","link":"https:\/\/www.sozialpartner.at\/?page_id=4341","title":{"rendered":"Enquete 2017"},"content":{"rendered":"<div class=\"wpb-content-wrapper\"><p>[vc_row][vc_column][vc_column_text][\/vc_column_text][\/vc_column][\/vc_row][vc_row][vc_column width=&#8220;2\/12&#8243;][\/vc_column][vc_column width=&#8220;3\/12&#8243;]<div class=\"sp-boxed-side-navigation\">\r\n             <div class=\"sp-navigation-header\">\r\n                <a href=\"#\">Sonstige Veranstaltungen<\/a>\r\n             <\/div>\r\n             <div class=\"sp-navigation-content\">\r\n                <ul><li><a href=\"https:\/\/www.sozialpartner.at\/?page_id=4759\">Veranstaltung 2018<\/a><\/li><li class=\"curent-page-item\"><a href=\"https:\/\/www.sozialpartner.at\/?page_id=4341\">Enquete 2017<\/a><\/li><li><a href=\"https:\/\/www.sozialpartner.at\/?page_id=1582\">Tagung des Beirats 2014<\/a><\/li><li><a href=\"https:\/\/www.sozialpartner.at\/?page_id=2407\">Enquete des Beirats 2012<\/a><\/li><li><a href=\"https:\/\/www.sozialpartner.at\/?page_id=2421\">Enquete der Sozialpartner 2012<\/a><\/li><\/ul>\r\n             <\/div>\r\n          <\/div>[\/vc_column][vc_column width=&#8220;5\/12&#8243;][vc_custom_heading text=&#8220;26. April 2017&#8243; font_container=&#8220;tag:h4|font_size:16|text_align:left&#8220; use_theme_fonts=&#8220;yes&#8220;][vc_custom_heading text=&#8220;\u00d6sterreich 2025: Investitionen<br \/>\nMotor f\u00fcr Wachstum und Besch\u00e4ftigung&#8220; font_container=&#8220;tag:h3|font_size:22|text_align:left|line_height:40px&#8220; use_theme_fonts=&#8220;yes&#8220;][vc_empty_space height=&#8220;20&#8243;][vc_column_text]<\/p>\n<p style=\"font-size: 16px; line-height: 28 px; font-weight: 300;\"><strong>Enquete des Beirats f\u00fcr Wirtschafts- und Sozialfragen<br \/>\n<\/strong><strong>und des WIFO<\/strong><\/p>\n<p>[\/vc_column_text][vc_empty_space height=&#8220;20&#8243;][vc_column_text]<\/p>\n<p style=\"font-size: 16px; line-height: 28 px; font-weight: 300;\">Investitionen sind Ausdruck des Vertrauens in die Zukunft und eine zentrale Gr\u00f6\u00dfe f\u00fcr die Weiterentwicklung der Wirtschaft, der Besch\u00e4ftigung und des Wohlstands einer Gesellschaft.<br \/>\nPrivate und \u00f6ffentliche Investitionen haben kurzfristig gro\u00dfen Einfluss auf Nachfrage und Konjunktur, langfristig stellen sie eine entscheidende Determinante von technologischem Fortschritt und damit f\u00fcr den Wandel von Wirtschaft und Gesellschaft dar.<br \/>\nDas \u00d6sterreichische Institut f\u00fcr Wirtschaftsforschung (WIFO) besch\u00e4ftigt sich im Rahmen des Projekts \u201e\u00d6sterreich 2025&#8243; mit zentralen Fragen der Ver\u00e4nderungen des \u00f6konomischen Umfelds seit der Finanzmarktkrise.<br \/>\nIm Rahmen dieses Projekts wurden auch die Themen \u201eUnternehmensinvestitionen in \u00d6sterreich&#8220; und \u201eKonsum, \u00f6ffentliche Investitionen und Importe in \u00d6sterreich&#8220; im Auftrag von Sozialpartnern untersucht. Die Ergebnisse dieser Untersuchung werden auf der gemeinsamen Enquete des Beirats f\u00fcr Wirtschafts- und Sozialfragen und des WIFO pr\u00e4sentiert und von ExpertInnen des Beirats diskutiert.<\/p>\n<p>[\/vc_column_text][\/vc_column][vc_column width=&#8220;2\/12&#8243;][\/vc_column][\/vc_row][vc_row][vc_column width=&#8220;2\/12&#8243;][\/vc_column][vc_column width=&#8220;8\/12&#8243;][vc_tta_tabs][vc_tta_section title=&#8220;PROGRAMM&#8220; tab_id=&#8220;1491397580503-f16cef4b-7a9c&#8220;][vc_row_inner][vc_column_inner][vc_custom_heading text=&#8220;Wirtschaftskammer \u00d6sterreich, WKO Sky Lounge<br \/>\n1040 Wien, Wiedner Hauptstra\u00dfe 63, 12. Stock&#8220; font_container=&#8220;tag:h3|text_align:left|color:%23c01b15&#8243; use_theme_fonts=&#8220;yes&#8220;][vc_custom_heading text=&#8220;Moderation: Gertraud Leim\u00fcller&#8220; font_container=&#8220;tag:h3|font_size:16|text_align:left|color:%237a7a7a&#8220; use_theme_fonts=&#8220;yes&#8220;][\/vc_column_inner][\/vc_row_inner][vc_separator][\/vc_tta_section][\/vc_tta_tabs][vc_row_inner][vc_column_inner width=&#8220;1\/3&#8243;][vc_column_text]<strong>8:30 Uhr<\/strong>[\/vc_column_text][\/vc_column_inner][vc_column_inner width=&#8220;2\/3&#8243;][vc_column_text]<strong>Registrierung<\/strong>[\/vc_column_text][\/vc_column_inner][\/vc_row_inner][vc_separator][vc_row_inner][vc_column_inner width=&#8220;1\/3&#8243;][vc_column_text]<strong>9:00 Uhr<\/strong>[\/vc_column_text][\/vc_column_inner][vc_column_inner width=&#8220;2\/3&#8243;][vc_column_text]<strong>Begr\u00fc\u00dfung und Vorstellung Projekt &#8222;\u00d6sterreich 2025&#8220;<\/strong><\/p>\n<ul>\n<li>Marcus Scheiblecker, Stellvertretender Leiter des \u00d6sterreichischen Instituts f\u00fcr Wirtschaftsforschung<\/li>\n<\/ul>\n<p>[\/vc_column_text][\/vc_column_inner][\/vc_row_inner][vc_separator][vc_row_inner][vc_column_inner width=&#8220;1\/3&#8243;][vc_column_text]<strong>9:15 Uhr<\/strong>[\/vc_column_text][\/vc_column_inner][vc_column_inner width=&#8220;2\/3&#8243;][vc_column_text]<strong>Panel 1: Unternehmensinvestitionen in \u00d6sterreich<\/strong><\/p>\n<ul>\n<li>Werner H\u00f6lzl, \u00d6sterreichisches Institut f\u00fcr Wirtschaftsforschung<\/li>\n<li>Ralf Kronberger, Leiter der Abteilung Finanz- und Handelspolitik der Wirtschaftskammer \u00d6sterreich<\/li>\n<li>Markus Marterbauer, Leiter der Abteilung Wirtschaftswissenschaft und Statistik der Arbeiterkammer Wien<\/li>\n<\/ul>\n<p>[\/vc_column_text][\/vc_column_inner][\/vc_row_inner][vc_separator][vc_row_inner][vc_column_inner width=&#8220;1\/3&#8243;][vc_column_text]<strong>10:00 Uhr<\/strong>[\/vc_column_text][\/vc_column_inner][vc_column_inner width=&#8220;2\/3&#8243;][vc_column_text]<strong>Kaffeepause<\/strong>[\/vc_column_text][\/vc_column_inner][\/vc_row_inner][vc_separator][vc_row_inner][vc_column_inner width=&#8220;1\/3&#8243;][vc_column_text]<strong>10:15 Uhr<\/strong>[\/vc_column_text][\/vc_column_inner][vc_column_inner width=&#8220;2\/3&#8243;][vc_column_text]<strong>Panel 2: Konsum \u00f6ffentliche Investitionen und Importe in \u00d6sterreich<\/strong><\/p>\n<ul>\n<li>Stefan Ederer, \u00d6sterreichisches Institut f\u00fcr Wirtschaftsforschung<\/li>\n<li>Georg Kovarik, Leiter des Volkswirtschaftlichen Referats des \u00d6sterreichischen Gewerkschaftsbunds<\/li>\n<li>Nikolaus Morawitz, Leiter der Stabstelle EU und Internationale Beziehungen der Landwirtschaftskammer \u00d6sterreich<\/li>\n<\/ul>\n<p>[\/vc_column_text][\/vc_column_inner][\/vc_row_inner][vc_separator][vc_row_inner][vc_column_inner width=&#8220;1\/3&#8243;][vc_column_text]<strong>11:00 Uhr<\/strong>[\/vc_column_text][\/vc_column_inner][vc_column_inner width=&#8220;2\/3&#8243;][vc_column_text]<strong>Abschlussdiskussion<\/strong><\/p>\n<ul>\n<li>Christoph Badelt, Leiter des \u00d6sterreichischen Instituts f\u00fcr Wirtschaftsforschung<\/li>\n<li>Bernhard Achitz, Leitender Sekret\u00e4r des \u00d6sterreichischen Gewerkschaftsbunds<\/li>\n<li>Anna Maria Hochhauser, Generalsekret\u00e4rin der Wirtschaftskammer \u00d6sterreich<\/li>\n<li>Christoph Klein, Direktor der Arbeiterkammer Wien<\/li>\n<li>Josef Plank, Generalsekret\u00e4r der Landwirtschaftskammer \u00d6sterreich<\/li>\n<\/ul>\n<p>[\/vc_column_text][\/vc_column_inner][\/vc_row_inner][vc_separator][vc_row_inner][vc_column_inner width=&#8220;1\/3&#8243;][vc_column_text]<strong>12:00 Uhr<\/strong>[\/vc_column_text][\/vc_column_inner][vc_column_inner width=&#8220;2\/3&#8243;][vc_column_text]<strong>Buffet<\/strong>[\/vc_column_text][\/vc_column_inner][\/vc_row_inner][\/vc_column][vc_column width=&#8220;2\/12&#8243;][\/vc_column][\/vc_row][vc_row][vc_column width=&#8220;2\/12&#8243;][\/vc_column][vc_column width=&#8220;8\/12&#8243;]<section class=\"sp-content-section\">\r\n               <div class=\"sp-publications-element sp-publications-red\">\r\n                  <div class=\"sp-publications-header\">\r\n                     <div><\/div>\r\n                  <\/div>\r\n                  <div class=\"sp-publications-body\">\r\n                     <div class=\"sp-publications-body-header\">\r\n                        <div class=\"row\">\r\n                           <div class=\"col-md-6 col-md-offset-6\">\r\n                              <div class=\"sp-publications-subline\"><\/div>\r\n                           <\/div>\r\n                           <div class=\"clearfix\"><\/div>\r\n                        <\/div>\r\n                     <\/div>\r\n                     <div class=\"sp-publications-body-content\">\r\n                        <div class=\"row\">\r\n                           <div class=\"col-md-6\">\r\n                              <div class=\"sp-image-wrapper\">\r\n                                 <img decoding=\"async\" src=\"https:\/\/www.sozialpartner.at\/wp-content\/uploads\/2015\/07\/file.png\" alt=\"\" \/>\r\n                              <\/div>\r\n                           <\/div>\r\n                           <div class=\"col-md-6\"><div class=\"mCustomScrollbar \" data-mcs-theme=\"dark\">\r\n                                 <ul class=\"sp-download-list\"><li>\r\n                                          <div class=\"row\">\r\n                                            <div class=\"col-md-9\">\r\n                                               <p>\u00d6sterreich 2025: Investitionen - Pr\u00e4sentation H\u00f6lzl<\/p>\r\n                                            <\/div>\r\n                                            <div class=\"col-md-3 sp-publications-download-link\">\r\n                                               <a href=\"https:\/\/www.sozialpartner.at\/wp-content\/uploads\/2017\/04\/Panel-1_Hoelzl.pdf\" target=\"_blank\"><i class=\"fa fa-cloud-download\"><\/i><\/a>\r\n                                            <\/div>\r\n                                            <div class=\"clearfix\"><\/div>\r\n                                          <\/div>\r\n                                        <\/li><li>\r\n                                          <div class=\"row\">\r\n                                            <div class=\"col-md-9\">\r\n                                               <p>\u00d6sterreich 2025: Investitionen - Pr\u00e4sentation Kronberger<\/p>\r\n                                            <\/div>\r\n                                            <div class=\"col-md-3 sp-publications-download-link\">\r\n                                               <a href=\"https:\/\/www.sozialpartner.at\/wp-content\/uploads\/2017\/04\/Panel-1_Kronberger.pdf\" target=\"_blank\"><i class=\"fa fa-cloud-download\"><\/i><\/a>\r\n                                            <\/div>\r\n                                            <div class=\"clearfix\"><\/div>\r\n                                          <\/div>\r\n                                        <\/li><li>\r\n                                          <div class=\"row\">\r\n                                            <div class=\"col-md-9\">\r\n                                               <p>\u00d6sterreich 2025: Investitionen - Pr\u00e4sentation Marterbauer<\/p>\r\n                                            <\/div>\r\n                                            <div class=\"col-md-3 sp-publications-download-link\">\r\n                                               <a href=\"https:\/\/www.sozialpartner.at\/wp-content\/uploads\/2017\/04\/Panel-1_Marterbauer.pdf\" target=\"_blank\"><i class=\"fa fa-cloud-download\"><\/i><\/a>\r\n                                            <\/div>\r\n                                            <div class=\"clearfix\"><\/div>\r\n                                          <\/div>\r\n                                        <\/li><li>\r\n                                          <div class=\"row\">\r\n                                            <div class=\"col-md-9\">\r\n                                               <p>\u00d6sterreich 2025: Investitionen - Pr\u00e4sentation Ederer<\/p>\r\n                                            <\/div>\r\n                                            <div class=\"col-md-3 sp-publications-download-link\">\r\n                                               <a href=\"https:\/\/www.sozialpartner.at\/wp-content\/uploads\/2017\/04\/Panel-2_Ederer.pdf\" target=\"_blank\"><i class=\"fa fa-cloud-download\"><\/i><\/a>\r\n                                            <\/div>\r\n                                            <div class=\"clearfix\"><\/div>\r\n                                          <\/div>\r\n                                        <\/li><li>\r\n                                          <div class=\"row\">\r\n                                            <div class=\"col-md-9\">\r\n                                               <p>Einladung Enquete 2017<\/p>\r\n                                            <\/div>\r\n                                            <div class=\"col-md-3 sp-publications-download-link\">\r\n                                               <a href=\"https:\/\/www.sozialpartner.at\/wp-content\/uploads\/2017\/04\/Einladung-Enquete.pdf\" target=\"_blank\"><i class=\"fa fa-cloud-download\"><\/i><\/a>\r\n                                            <\/div>\r\n                                            <div class=\"clearfix\"><\/div>\r\n                                          <\/div>\r\n                                        <\/li> <\/ul>\r\n                              <\/div>\r\n                           <\/div>\r\n                           <div class=\"clearfix\"><\/div>\r\n                        <\/div>\r\n                     <\/div>\r\n                  <\/div>  <\/div>\r\n            <\/section>[\/vc_column][vc_column width=&#8220;2\/12&#8243;][\/vc_column][\/vc_row]<\/p>\n<\/div>","protected":false},"excerpt":{"rendered":"<p>[vc_row][vc_column][vc_column_text][\/vc_column_text][\/vc_column][\/vc_row][vc_row][vc_column width=&#8220;2\/12&#8243;][\/vc_column][vc_column width=&#8220;3\/12&#8243;][\/vc_column][vc_column width=&#8220;5\/12&#8243;][vc_custom_heading text=&#8220;26. April 2017&#8243; font_container=&#8220;tag:h4|font_size:16|text_align:left&#8220; use_theme_fonts=&#8220;yes&#8220;][vc_custom_heading text=&#8220;\u00d6sterreich 2025: Investitionen Motor f\u00fcr Wachstum und Besch\u00e4ftigung&#8220; font_container=&#8220;tag:h3|font_size:22|text_align:left|line_height:40px&#8220; use_theme_fonts=&#8220;yes&#8220;][vc_empty_space height=&#8220;20&#8243;][vc_column_text] Enquete des Beirats f\u00fcr Wirtschafts- und Sozialfragen und des WIFO [\/vc_column_text][vc_empty_space height=&#8220;20&#8243;][vc_column_text] Investitionen sind Ausdruck des Vertrauens in die Zukunft und eine zentrale Gr\u00f6\u00dfe f\u00fcr die Weiterentwicklung der Wirtschaft, der Besch\u00e4ftigung und des Wohlstands einer [&hellip;]<\/p>\n","protected":false},"author":4,"featured_media":0,"parent":1062,"menu_order":0,"comment_status":"closed","ping_status":"closed","template":"","meta":{"footnotes":""},"class_list":["post-4341","page","type-page","status-publish","hentry"],"_links":{"self":[{"href":"https:\/\/www.sozialpartner.at\/index.php?rest_route=\/wp\/v2\/pages\/4341","targetHints":{"allow":["GET"]}}],"collection":[{"href":"https:\/\/www.sozialpartner.at\/index.php?rest_route=\/wp\/v2\/pages"}],"about":[{"href":"https:\/\/www.sozialpartner.at\/index.php?rest_route=\/wp\/v2\/types\/page"}],"author":[{"embeddable":true,"href":"https:\/\/www.sozialpartner.at\/index.php?rest_route=\/wp\/v2\/users\/4"}],"replies":[{"embeddable":true,"href":"https:\/\/www.sozialpartner.at\/index.php?rest_route=%2Fwp%2Fv2%2Fcomments&post=4341"}],"version-history":[{"count":4,"href":"https:\/\/www.sozialpartner.at\/index.php?rest_route=\/wp\/v2\/pages\/4341\/revisions"}],"predecessor-version":[{"id":4343,"href":"https:\/\/www.sozialpartner.at\/index.php?rest_route=\/wp\/v2\/pages\/4341\/revisions\/4343"}],"up":[{"embeddable":true,"href":"https:\/\/www.sozialpartner.at\/index.php?rest_route=\/wp\/v2\/pages\/1062"}],"wp:attachment":[{"href":"https:\/\/www.sozialpartner.at\/index.php?rest_route=%2Fwp%2Fv2%2Fmedia&parent=4341"}],"curies":[{"name":"wp","href":"https:\/\/api.w.org\/{rel}","templated":true}]}}