
{"id":4759,"date":"2018-04-10T12:51:22","date_gmt":"2018-04-10T12:51:22","guid":{"rendered":"https:\/\/www.sozialpartner.at\/?page_id=4759"},"modified":"2018-05-02T13:08:11","modified_gmt":"2018-05-02T13:08:11","slug":"veranstaltung-2018","status":"publish","type":"page","link":"https:\/\/www.sozialpartner.at\/?page_id=4759","title":{"rendered":"Veranstaltung 2018"},"content":{"rendered":"<div class=\"wpb-content-wrapper\"><p>[vc_row][vc_column][\/vc_column][\/vc_row][vc_row][vc_column width=&#8220;2\/12&#8243;][\/vc_column][vc_column width=&#8220;3\/12&#8243;]<div class=\"sp-boxed-side-navigation\">\r\n             <div class=\"sp-navigation-header\">\r\n                <a href=\"#\">Sonstige Veranstaltungen<\/a>\r\n             <\/div>\r\n             <div class=\"sp-navigation-content\">\r\n                <ul><li class=\"curent-page-item\"><a href=\"https:\/\/www.sozialpartner.at\/?page_id=4759\">Veranstaltung 2018<\/a><\/li><li><a href=\"https:\/\/www.sozialpartner.at\/?page_id=4341\">Enquete 2017<\/a><\/li><li><a href=\"https:\/\/www.sozialpartner.at\/?page_id=1582\">Tagung des Beirats 2014<\/a><\/li><li><a href=\"https:\/\/www.sozialpartner.at\/?page_id=2407\">Enquete des Beirats 2012<\/a><\/li><li><a href=\"https:\/\/www.sozialpartner.at\/?page_id=2421\">Enquete der Sozialpartner 2012<\/a><\/li><\/ul>\r\n             <\/div>\r\n          <\/div>[\/vc_column][vc_column width=&#8220;5\/12&#8243;][vc_custom_heading text=&#8220;Montag, 23. April 2018, 16:30-18:00 Uhr&#8220; font_container=&#8220;tag:h4|font_size:16|text_align:left&#8220; use_theme_fonts=&#8220;yes&#8220;][vc_custom_heading text=&#8220;Die Rolle der Sozialpartner in der Vergangenheit und Zukunft der Republik \u00d6sterreich&#8220; font_container=&#8220;tag:h3|text_align:left|line_height:40px&#8220; use_theme_fonts=&#8220;yes&#8220;][vc_empty_space height=&#8220;20px&#8220;][vc_column_text]<\/p>\n<p style=\"text-align: left;\">Im Rahmen des Gedenk- und Erinnerungsjahres 2018 soll auch die wesentliche Rolle der Sozialpartner in der 100-j\u00e4hrigen Geschichte der Republik \u00d6sterreich beleuchtet werden. Seit ihren Anf\u00e4ngen im Jahr 1946 hat die Sozialpartnerschaft in \u00d6sterreich einen ganz wesentlichen Beitrag zur Erfolgsgeschichte der Zweiten Republik geleistet. Mehr als sieben Jahrzehnte partnerschaftliche Zusammenarbeit zwischen Arbeitgeber- und Arbeitnehmervertretern haben wesentlich dazu beigetragen, dass \u00d6sterreich heute zu den wohlhabendsten und sozial stabilsten L\u00e4ndern der Welt geh\u00f6rt.<\/p>\n<p>[\/vc_column_text][\/vc_column][vc_column width=&#8220;2\/12&#8243;][\/vc_column][\/vc_row][vc_row][vc_column width=&#8220;2\/12&#8243;][\/vc_column][vc_column width=&#8220;8\/12&#8243;][vc_tta_tabs][vc_tta_section title=&#8220;PROGRAMM&#8220; tab_id=&#8220;1523363831241-59da0a91-9122&#8243;][vc_row_inner][vc_column_inner][vc_custom_heading text=&#8220;Wirtschaftskammer \u00d6sterreich, Julius Raab Saal<br \/>\n1040 Wien, Wiedner Hauptstra\u00dfe 63&#8243; font_container=&#8220;tag:h3|text_align:left|color:%23dd3333&#8243; use_theme_fonts=&#8220;yes&#8220;][vc_custom_heading text=&#8220;MODERATION: CORINNA MILBORN&#8220; font_container=&#8220;tag:p|font_size:16|text_align:left|color:%237a7a7a&#8220; use_theme_fonts=&#8220;yes&#8220;][\/vc_column_inner][\/vc_row_inner][\/vc_tta_section][\/vc_tta_tabs][vc_separator][vc_row_inner][vc_column_inner width=&#8220;1\/3&#8243;][vc_column_text]<strong>16:30 Uhr<\/strong>[\/vc_column_text][\/vc_column_inner][vc_column_inner width=&#8220;2\/3&#8243;][vc_column_text]<strong>\u201eDie historische Rolle der Sozialpartner&#8220;<\/strong><\/p>\n<p>Bundespr\u00e4sident a.D. Heinz Fischer[\/vc_column_text][\/vc_column_inner][\/vc_row_inner][vc_separator][vc_row_inner][vc_column_inner width=&#8220;1\/3&#8243;][vc_column_text]<strong>16:50 Uhr<\/strong>[\/vc_column_text][\/vc_column_inner][vc_column_inner width=&#8220;2\/3&#8243;][vc_column_text]<strong>\u201eWert der \u00f6sterreichischen Sozialpartnerschaft f\u00fcr Wirtschaft und Gesellschaft&#8220;<\/strong><\/p>\n<p>Christoph Badelt, WIFO[\/vc_column_text][\/vc_column_inner][\/vc_row_inner][vc_separator][vc_row_inner][vc_column_inner width=&#8220;1\/3&#8243;][vc_column_text]<strong>17:10 Uhr<\/strong>[\/vc_column_text][\/vc_column_inner][vc_column_inner width=&#8220;2\/3&#8243;][vc_column_text]<strong>Sozialpartner-Pr\u00e4sidenten: \u201eR\u00fcckblick \u2013 Einblick \u2013 Ausblick&#8220;<\/strong><\/p>\n<p><span lang=\"ZH-TW\">\uf0a7 <\/span>Erich Foglar, \u00d6GB<\/p>\n<p><span lang=\"ZH-TW\">\uf0a7 <\/span>Rudi Kaske, BAK<\/p>\n<p><span lang=\"ZH-TW\">\uf0a7 <\/span>Christoph Leitl, WK\u00d6<\/p>\n<p><span lang=\"ZH-TW\">\uf0a7 <\/span>Hermann Schultes, LK\u00d6[\/vc_column_text][\/vc_column_inner][\/vc_row_inner][vc_separator][vc_row_inner][vc_column_inner width=&#8220;1\/3&#8243;][vc_column_text]<strong>18:00 Uhr<\/strong>[\/vc_column_text][\/vc_column_inner][vc_column_inner width=&#8220;2\/3&#8243;][vc_column_text]<strong>Ende der Veranstaltung<\/strong><br \/>\nImbiss und Getr\u00e4nke[\/vc_column_text][\/vc_column_inner][\/vc_row_inner][vc_separator][\/vc_column][vc_column width=&#8220;2\/12&#8243;][\/vc_column][\/vc_row][vc_row][vc_column width=&#8220;2\/12&#8243;][\/vc_column][vc_column width=&#8220;8\/12&#8243;][vc_empty_space height=&#8220;20px&#8220;][vc_column_text]<a href=\"https:\/\/www.sozialpartner.at\/wp-content\/uploads\/2018\/04\/Einladung-Die-Rolle-der-Sozialpartner.pdf\">ZUR EINLADUNG<\/a>[\/vc_column_text][\/vc_column][vc_column width=&#8220;2\/12&#8243;][\/vc_column][\/vc_row][vc_row][vc_column width=&#8220;2\/12&#8243;][\/vc_column][vc_column width=&#8220;8\/12&#8243;][vc_empty_space height=&#8220;20px&#8220;][vc_column_text]<strong>Filmausschnitte der Veranstaltung:<\/strong><\/p>\n<p>&nbsp;<\/p>\n<p><a href=\"https:\/\/embed.rtcnow.com\/v15\/player\/EAD28767-C94C-F862-2BC1-5E758E1442C1\">Begr\u00fc\u00dfung Corinna Milborn<\/a><\/p>\n<p><a href=\"https:\/\/embed.rtcnow.com\/v15\/player\/E3FDCB4E-73AF-0088-4358-A84702CF8EAF\">Heinz Fischer, Bundespr\u00e4sident a.D.<\/a><\/p>\n<p><a href=\"https:\/\/embed.rtcnow.com\/v15\/player\/DBCFCA6C-A1FF-67C2-409F-1143D2AB3708\">Christoph Badelt, Leiter WIFO<\/a><\/p>\n<p><a href=\"https:\/\/embed.rtcnow.com\/v15\/player\/D542A279-D0F0-FCD9-98C7-09F6BDFD14B6\">Erich Foglar, Pr\u00e4sident \u00d6GB<\/a><\/p>\n<p><a href=\"https:\/\/embed.rtcnow.com\/v15\/player\/0F269220-038F-1760-511D-51473CC4258D\">Hermann Schultes, Pr\u00e4sident LK\u00d6<\/a><\/p>\n<p><a href=\"https:\/\/embed.rtcnow.com\/v15\/player\/A033D9E6-A957-0191-CDAE-DD27958FD6B6\">Rudi Kaske, Pr\u00e4sident BAK<\/a><\/p>\n<p><a href=\"https:\/\/embed.rtcnow.com\/v15\/player\/763359F4-FAD7-5362-2033-0E68C82FBC8B\">Christoph Leitl, Pr\u00e4sident WK\u00d6<\/a><\/p>\n<p><a href=\"https:\/\/embed.rtcnow.com\/v15\/player\/170DE773-E672-5F6B-BAC9-D1EDBD91CF02\">Podiumsdiskussion<\/a><\/p>\n<p>&nbsp;<\/p>\n<p>[\/vc_column_text][\/vc_column][vc_column width=&#8220;2\/12&#8243;][\/vc_column][\/vc_row]<\/p>\n<\/div>","protected":false},"excerpt":{"rendered":"<p>[vc_row][vc_column][\/vc_column][\/vc_row][vc_row][vc_column width=&#8220;2\/12&#8243;][\/vc_column][vc_column width=&#8220;3\/12&#8243;][\/vc_column][vc_column width=&#8220;5\/12&#8243;][vc_custom_heading text=&#8220;Montag, 23. April 2018, 16:30-18:00 Uhr&#8220; font_container=&#8220;tag:h4|font_size:16|text_align:left&#8220; use_theme_fonts=&#8220;yes&#8220;][vc_custom_heading text=&#8220;Die Rolle der Sozialpartner in der Vergangenheit und Zukunft der Republik \u00d6sterreich&#8220; font_container=&#8220;tag:h3|text_align:left|line_height:40px&#8220; use_theme_fonts=&#8220;yes&#8220;][vc_empty_space height=&#8220;20px&#8220;][vc_column_text] Im Rahmen des Gedenk- und Erinnerungsjahres 2018 soll auch die wesentliche Rolle der Sozialpartner in der 100-j\u00e4hrigen Geschichte der Republik \u00d6sterreich beleuchtet werden. Seit ihren Anf\u00e4ngen im Jahr [&hellip;]<\/p>\n","protected":false},"author":4,"featured_media":0,"parent":1062,"menu_order":-5,"comment_status":"closed","ping_status":"closed","template":"","meta":{"footnotes":""},"class_list":["post-4759","page","type-page","status-publish","hentry"],"_links":{"self":[{"href":"https:\/\/www.sozialpartner.at\/index.php?rest_route=\/wp\/v2\/pages\/4759","targetHints":{"allow":["GET"]}}],"collection":[{"href":"https:\/\/www.sozialpartner.at\/index.php?rest_route=\/wp\/v2\/pages"}],"about":[{"href":"https:\/\/www.sozialpartner.at\/index.php?rest_route=\/wp\/v2\/types\/page"}],"author":[{"embeddable":true,"href":"https:\/\/www.sozialpartner.at\/index.php?rest_route=\/wp\/v2\/users\/4"}],"replies":[{"embeddable":true,"href":"https:\/\/www.sozialpartner.at\/index.php?rest_route=%2Fwp%2Fv2%2Fcomments&post=4759"}],"version-history":[{"count":18,"href":"https:\/\/www.sozialpartner.at\/index.php?rest_route=\/wp\/v2\/pages\/4759\/revisions"}],"predecessor-version":[{"id":4823,"href":"https:\/\/www.sozialpartner.at\/index.php?rest_route=\/wp\/v2\/pages\/4759\/revisions\/4823"}],"up":[{"embeddable":true,"href":"https:\/\/www.sozialpartner.at\/index.php?rest_route=\/wp\/v2\/pages\/1062"}],"wp:attachment":[{"href":"https:\/\/www.sozialpartner.at\/index.php?rest_route=%2Fwp%2Fv2%2Fmedia&parent=4759"}],"curies":[{"name":"wp","href":"https:\/\/api.w.org\/{rel}","templated":true}]}}