
{"id":7186,"date":"2025-08-13T09:46:41","date_gmt":"2025-08-13T09:46:41","guid":{"rendered":"https:\/\/www.sozialpartner.at\/?page_id=7186"},"modified":"2025-08-13T09:46:42","modified_gmt":"2025-08-13T09:46:42","slug":"barrierefreiheit","status":"publish","type":"page","link":"https:\/\/www.sozialpartner.at\/?page_id=7186","title":{"rendered":"Barrierefreiheit"},"content":{"rendered":"\n<p><\/p>\n\n\n\n<div style=\"height:40px\" aria-hidden=\"true\" class=\"wp-block-spacer\"><\/div>\n\n\n\n<p>Wir sind bem\u00fcht, unsere Webseite im Einklang mit dem <a href=\"https:\/\/www.ris.bka.gv.at\/GeltendeFassung.wxe?Abfrage=Bundesnormen&amp;Gesetzesnummer=20010727\" data-type=\"link\" data-id=\"https:\/\/www.ris.bka.gv.at\/GeltendeFassung.wxe?Abfrage=Bundesnormen&amp;Gesetzesnummer=20010727\">Web-Zug\u00e4nglichkeits-Gesetz (WZG) idgF<\/a> zur Umsetzung der <a href=\"https:\/\/eur-lex.europa.eu\/legal-content\/DE\/TXT\/?uri=CELEX:32016L2102\" data-type=\"link\" data-id=\"https:\/\/eur-lex.europa.eu\/legal-content\/DE\/TXT\/?uri=CELEX:32016L2102\">Richtlinie (EU) 2016\/2102 des Europ\u00e4ischen Parlaments und des Rates vom 26. Oktober 2016 \u00fcber den barrierefreien Zugang zu den Websites und mobilen Anwendungen \u00f6ffentlicher Stellen<\/a> (ABl. L 327 vom 2.12.2016, S. 1) barrierefrei zug\u00e4nglich zu machen.<\/p>\n\n\n\n<p><\/p>\n\n\n\n<hr class=\"wp-block-separator has-alpha-channel-opacity\"\/>\n\n\n\n<p>Diese Erkl\u00e4rung zur Barrierefreiheit gilt f\u00fcr die Website: <a href=\"https:\/\/www.sozialpartner.at\/\">https:\/\/www.sozialpartner.at\/<\/a> <\/p>\n\n\n\n<hr class=\"wp-block-separator has-alpha-channel-opacity\"\/>\n\n\n\n<div style=\"height:20px\" aria-hidden=\"true\" class=\"wp-block-spacer\"><\/div>\n\n\n\n<h3 class=\"wp-block-heading\">Stand der Vereinbarkeit mit den Anforderungen<\/h3>\n\n\n\n<div style=\"height:20px\" aria-hidden=\"true\" class=\"wp-block-spacer\"><\/div>\n\n\n\n<p>Diese Website ist wegen der folgenden Unvereinbarkeiten und Ausnahmen teilweise mit Konformit\u00e4tsstufe AA der &#8222;Richtlinien f\u00fcr barrierefreie Webinhalte Web \u2013 <a href=\"https:\/\/www.w3.org\/TR\/WCAG22\/\" data-type=\"link\" data-id=\"https:\/\/www.w3.org\/TR\/WCAG22\/\">WCAG 2.2<\/a>&#8220; beziehungsweise mit dem geltenden <a href=\"https:\/\/www.etsi.org\/deliver\/etsi_en\/301500_301599\/301549\/02.01.02_60\/en_301549v020102p.pdf\" data-type=\"link\" data-id=\"https:\/\/www.etsi.org\/deliver\/etsi_en\/301500_301599\/301549\/02.01.02_60\/en_301549v020102p.pdf\">Europ\u00e4ischen Standard EN 301 549 V2.1.2 (2018-08)<\/a> vereinbar.<\/p>\n\n\n\n<div style=\"height:20px\" aria-hidden=\"true\" class=\"wp-block-spacer\"><\/div>\n\n\n\n<h3 class=\"wp-block-heading\">Nicht barrierefreie Inhalte<\/h3>\n\n\n\n<div style=\"height:20px\" aria-hidden=\"true\" class=\"wp-block-spacer\"><\/div>\n\n\n\n<p>Die nachstehend aufgef\u00fchrten Inhalte sind aus folgenden Gr\u00fcnden nicht barrierefrei:<\/p>\n\n\n\n<p><\/p>\n\n\n\n<div style=\"height:20px\" aria-hidden=\"true\" class=\"wp-block-spacer\"><\/div>\n\n\n\n<p><\/p>\n\n\n\n<ol class=\"wp-block-list\">\n<li>Struktur &amp; Semantik                                                                                                                                                                         \n<ul class=\"wp-block-list\">\n<li>Fehlende Landmarks (, ), \u00dcberschriften (fehlende oder \u00fcbersprungene H1\/H2), kein Skiplink zum Seiteninhalt sowie unsachgem\u00e4\u00dfer Einsatz von<strong> <\/strong>anstelle von semantischen \u00dcberschriften. Versto\u00df gegen WCAG-Erfolgskriterium 1.3.1 Info und Beziehungen (A).<\/li>\n\n\n\n<li>&lt;html&gt;-Element ohne Sprachangabe (lang=&#8220;de&#8220;). Versto\u00df gegen WCAG-Erfolgskriterium 3.1.1 Sprache der Seite (A). <\/li>\n<\/ul>\n<\/li>\n\n\n\n<li>Farben &amp; Kontraste\n<ul class=\"wp-block-list\">\n<li>Unzureichender Farbkontrast bei Texten, Icons und Hover-Zust\u00e4nden (z.\u202fB. Lupe, Tabs, Buttons).                                    Versto\u00df gegen WCAG-Erfolgskriterium 1.4.3 Kontrast (Minimum) (AA).<\/li>\n<\/ul>\n<\/li>\n\n\n\n<li>Bilder &amp; Icons\n<ul class=\"wp-block-list\">\n<li>Fehlende oder ungeeignete Alternativtexte bei Bildern, verlinkten Icons und Download-Symbolen (z.\u202fB. Nutzung von title statt alt). Versto\u00df gegen WCAG-Erfolgskriterium 1.1.1 Nicht-Text-Inhalte (A).<\/li>\n<\/ul>\n<\/li>\n\n\n\n<li>Formulare &amp; Labels\n<ul class=\"wp-block-list\">\n<li>Fehlende Labels bei Eingabefeldern, Checkboxen und Suchfeld. Versto\u00df gegen WCAG-Erfolgskriterium 3.3.2 Beschriftungen oder Anweisungen (A).<\/li>\n<\/ul>\n<\/li>\n\n\n\n<li>Interaktive Elemente &amp; Tastaturbedienbarkeit\n<ul class=\"wp-block-list\">\n<li>Schaltfl\u00e4chen und Links ohne Text (z.\u202fB. Such-Lupe, Download-Icons, Modal-Schlie\u00dfen), interaktive Elemente nicht per Tastatur erreichbar (z.\u202fB. Submen\u00fcs, Tabs, Slider).                               Versto\u00df gegen WCAG-Erfolgskriterium 4.1.2 Name, Rolle, Wert (A).<\/li>\n\n\n\n<li>Kein sichtbarer Fokus auf interaktiven Elementen (z.\u202fB. Links, Buttons, Dropdowns).                                                           Versto\u00df gegen WCAG-Erfolgskriterium 2.4.7 Sichtbarer Fokus (AA).<\/li>\n\n\n\n<li>Einige wenige interaktive Elemente mit zu geringem Abstand zueinander.                                                                            Versto\u00df gegen WCAG-Erfolgskriterium 2.5.8 Zielgr\u00f6\u00dfe (Minimum) (AA).<\/li>\n\n\n\n<li>Interaktive Bereiche (z.\u202fB. Submen\u00fcs, Tabs) nicht vollst\u00e4ndig mit der Tastatur bedienbar.                                                          Versto\u00df gegen WCAG-Erfolgskriterium 2.1.1 Tastatur (A).<\/li>\n<\/ul>\n<\/li>\n\n\n\n<li>Zoom &amp; Textskalierung\n<ul class=\"wp-block-list\">\n<li>Der verwendete Viewport-Meta-Tag verhindert Benutzer-Zoom auf mobilen Endger\u00e4ten. Zus\u00e4tzlich verhindert die Festlegung der Schriftgr\u00f6\u00dfe in px eine flexible Textskalierung.                      Versto\u00df gegen WCAG-Erfolgskriterium 1.4.4 Textgr\u00f6\u00dfe anpassen (AA).<\/li>\n<\/ul>\n<\/li>\n\n\n\n<li>Statusmeldungen &amp; Modale\n<ul class=\"wp-block-list\">\n<li>Fokus wird bei Modalen nicht korrekt gesetzt, Fokusfalle fehlt (z.\u202fB. bei Cookie-Einstellungen), kein Feedback bei Interaktion mit Filtern oder dem \u201eMehr anzeigen\u201c-Button.                          Versto\u00df gegen WCAG-Erfolgskriterium 4.1.3 Statusmeldungen (AA).<\/li>\n<\/ul>\n<\/li>\n\n\n\n<li>Navigation &amp; ARIA\n<ul class=\"wp-block-list\">\n<li>Fehlende oder unzureichende semantische Auszeichnung der Navigationselemente (aria-label f\u00fcr Hauptmen\u00fc, Breadcrumbs etc., fehlendes aria-current=&#8220;page&#8220;), fehlende ARIA-Zuordnung in Tabs (z.\u202fB. aria-selected, aria-controls).                              Versto\u00df gegen WCAG-Erfolgskriterium 4.1.2 Name, Rolle, Wert (A).<\/li>\n<\/ul>\n<\/li>\n\n\n\n<li>Tabellen &amp; Reflow\n<ul class=\"wp-block-list\">\n<li>Tabellen ohne \u00dcberschriften, mit leeren Zellen oder unpassend als Layoutmittel verwendet; zudem f\u00fchren Inline-Styles zu horizontalem Scrollen auf Mobilger\u00e4ten.                             Versto\u00df gegen WCAG-Erfolgskriterium 1.3.1 Info und Beziehungen (A)                                                                          und WCAG-Erfolgskriterium 1.4.10 Reflow (AA).<\/li>\n<\/ul>\n<\/li>\n<\/ol>\n\n\n\n<div style=\"height:19px\" aria-hidden=\"true\" class=\"wp-block-spacer\"><\/div>\n\n\n\n<p><\/p>\n\n\n\n<h3 class=\"wp-block-heading\">Erstellung dieser Erkl\u00e4rung zur Barrierefreiheit<\/h3>\n\n\n\n<div style=\"height:20px\" aria-hidden=\"true\" class=\"wp-block-spacer\"><\/div>\n\n\n\n<p>Diese Erkl\u00e4rung wurde am 22.07.2025 erstellt.<\/p>\n\n\n\n<div style=\"height:20px\" aria-hidden=\"true\" class=\"wp-block-spacer\"><\/div>\n\n\n\n<h3 class=\"wp-block-heading\">Feedback und Kontaktm\u00f6glichkeiten<\/h3>\n\n\n\n<div style=\"height:20px\" aria-hidden=\"true\" class=\"wp-block-spacer\"><\/div>\n\n\n\n<p>Die Angebote und Services auf dieser Website werden laufend verbessert, ausgetauscht und ausgebaut. Dabei sind uns die Bedienbarkeit und Zug\u00e4nglichkeit ein gro\u00dfes Anliegen.<\/p>\n\n\n\n<div style=\"height:2px\" aria-hidden=\"true\" class=\"wp-block-spacer\"><\/div>\n\n\n\n<p><br>Wenn Ihnen Barrieren auffallen, die Sie an der Benutzung unserer Website behindern \u2013 Probleme, die in dieser Erkl\u00e4rung nicht beschrieben sind, M\u00e4ngel in Bezug auf die Einhaltung der Barrierefreiheitsanforderungen \u2013 so bitten wir Sie, uns diese per E Mail mitzuteilen.<br>Wir werden Ihre Anfrage pr\u00fcfen und Sie ehestm\u00f6glich kontaktieren.<\/p>\n\n\n\n<div style=\"height:6px\" aria-hidden=\"true\" class=\"wp-block-spacer\"><\/div>\n\n\n\n<ul class=\"wp-block-list\">\n<li>S\u00e4mtliche Mitteilungen und Anregungen senden Sie uns bitte an karin.steigenberger[@]wko.at bzw. an thomas.zotter[@]akwien.at.<\/li>\n\n\n\n<li>Bitte beschreiben Sie das Problem und f\u00fchren Sie uns die URL(s) der betroffenen Webseite oder des Dokuments an.<\/li>\n<\/ul>\n\n\n\n<p><\/p>\n\n\n\n<div style=\"height:20px\" aria-hidden=\"true\" class=\"wp-block-spacer\"><\/div>\n\n\n\n<h3 class=\"wp-block-heading\">Durchsetzungsverfahren<\/h3>\n\n\n\n<p><\/p>\n\n\n\n<div style=\"height:20px\" aria-hidden=\"true\" class=\"wp-block-spacer\"><\/div>\n\n\n\n<p>Bei nicht zufriedenstellenden Antworten aus oben genannter Kontaktm\u00f6glichkeit k\u00f6nnen Sie sich mittels Beschwerde an die \u00d6sterreichische Forschungsf\u00f6rderungsgesellschaft mit beschr\u00e4nkter Haftung (FFG) wenden. Die FFG nimmt \u00fcber das Kontaktformular Beschwerden auf elektronischem Weg entgegen.<br><a href=\"https:\/\/www.digitalbarrierefrei.at\/de\/beschwerdestelle\/kontaktformular-beschwerdestelle\" data-type=\"link\" data-id=\"https:\/\/www.digitalbarrierefrei.at\/de\/beschwerdestelle\/kontaktformular-beschwerdestelle\">Kontaktformular der Beschwerdestelle<\/a><\/p>\n\n\n\n<p><\/p>\n\n\n\n<div style=\"height:20px\" aria-hidden=\"true\" class=\"wp-block-spacer\"><\/div>\n\n\n\n<p>Die Beschwerden werden von der FFG dahingehend gepr\u00fcft, ob sie sich auf Verst\u00f6\u00dfe gegen die Vorgaben des Web-Zug\u00e4nglichkeits-Gesetzes, insbesondere M\u00e4ngel bei der Einhaltung der Barrierefreiheitsanforderungen, durch den Bund oder einer ihm zuordenbaren Einrichtung beziehen.<\/p>\n\n\n\n<p><\/p>\n\n\n\n<div style=\"height:20px\" aria-hidden=\"true\" class=\"wp-block-spacer\"><\/div>\n\n\n\n<p>Sofern die Beschwerde berechtigt ist, hat die FFG dem Bund oder den betroffenen Rechtstr\u00e4gern Handlungsempfehlungen auszusprechen und Ma\u00dfnahmen vorzuschlagen, die der Beseitigung der vorliegenden M\u00e4ngel dienen.<br><a href=\"https:\/\/www.digitalbarrierefrei.at\/de\/beschwerde-einreichen\/beschwerdestellen-in-oesterreich\/bund\" data-type=\"link\" data-id=\"https:\/\/www.digitalbarrierefrei.at\/de\/beschwerde-einreichen\/beschwerdestellen-in-oesterreich\/bund\">Weitere Informationen zum Beschwerdeverfahren<\/a> <\/p>\n","protected":false},"excerpt":{"rendered":"<p>Wir sind bem\u00fcht, unsere Webseite im Einklang mit dem Web-Zug\u00e4nglichkeits-Gesetz (WZG) idgF zur Umsetzung der Richtlinie (EU) 2016\/2102 des Europ\u00e4ischen Parlaments und des Rates vom 26. Oktober 2016 \u00fcber den barrierefreien Zugang zu den Websites und mobilen Anwendungen \u00f6ffentlicher Stellen (ABl. L 327 vom 2.12.2016, S. 1) barrierefrei zug\u00e4nglich zu machen. Diese Erkl\u00e4rung zur Barrierefreiheit [&hellip;]<\/p>\n","protected":false},"author":1,"featured_media":0,"parent":0,"menu_order":0,"comment_status":"closed","ping_status":"closed","template":"","meta":{"footnotes":""},"class_list":["post-7186","page","type-page","status-publish","hentry"],"_links":{"self":[{"href":"https:\/\/www.sozialpartner.at\/index.php?rest_route=\/wp\/v2\/pages\/7186","targetHints":{"allow":["GET"]}}],"collection":[{"href":"https:\/\/www.sozialpartner.at\/index.php?rest_route=\/wp\/v2\/pages"}],"about":[{"href":"https:\/\/www.sozialpartner.at\/index.php?rest_route=\/wp\/v2\/types\/page"}],"author":[{"embeddable":true,"href":"https:\/\/www.sozialpartner.at\/index.php?rest_route=\/wp\/v2\/users\/1"}],"replies":[{"embeddable":true,"href":"https:\/\/www.sozialpartner.at\/index.php?rest_route=%2Fwp%2Fv2%2Fcomments&post=7186"}],"version-history":[{"count":26,"href":"https:\/\/www.sozialpartner.at\/index.php?rest_route=\/wp\/v2\/pages\/7186\/revisions"}],"predecessor-version":[{"id":7213,"href":"https:\/\/www.sozialpartner.at\/index.php?rest_route=\/wp\/v2\/pages\/7186\/revisions\/7213"}],"wp:attachment":[{"href":"https:\/\/www.sozialpartner.at\/index.php?rest_route=%2Fwp%2Fv2%2Fmedia&parent=7186"}],"curies":[{"name":"wp","href":"https:\/\/api.w.org\/{rel}","templated":true}]}}