
{"id":7251,"date":"2025-10-09T07:54:32","date_gmt":"2025-10-09T07:54:32","guid":{"rendered":"https:\/\/www.sozialpartner.at\/?page_id=7251"},"modified":"2025-10-09T07:58:05","modified_gmt":"2025-10-09T07:58:05","slug":"datenschutzerklaerung","status":"publish","type":"page","link":"https:\/\/www.sozialpartner.at\/?page_id=7251","title":{"rendered":"Datenschutzerkl\u00e4rung"},"content":{"rendered":"\n<div style=\"height:100px\" aria-hidden=\"true\" class=\"wp-block-spacer\"><\/div>\n\n\n\n<p><\/p>\n\n\n\n<p>Diese Mitteilung beschreibt wie jene Organisation, die die Webseite sozialpartner.at betreiben, Ihre personenbezogenen Daten verarbeiten. Die f\u00fcr die Webseite gemeinsam verantwortlichen Organisationen sind:<\/p>\n\n\n\n<p><\/p>\n\n\n\n<ul class=\"wp-block-list\">\n<li>Wirtschaftskammer \u00d6sterreich, Wiedner Hauptstra\u00dfe 63, 1040 Wien<\/li>\n\n\n\n<li>Bundesarbeitskammer, Prinz Eugen-Stra\u00dfe 20-22, 1040 Wien<\/li>\n\n\n\n<li>Landwirtschaftskammer \u00d6sterreich, Schauflergasse 6, 1010 Wien<\/li>\n\n\n\n<li>\u00d6sterreichischer Gewerkschaftsbund, Johann-B\u00f6hm-Platz 1, 1020 Wien<\/li>\n<\/ul>\n\n\n\n<p><\/p>\n\n\n\n<hr class=\"wp-block-separator has-alpha-channel-opacity\"\/>\n\n\n\n<p><\/p>\n\n\n\n<h2 class=\"wp-block-heading\"><strong>1. Kategorien verarbeiteter Daten und Zwecke der Datenverarbeitung<\/strong><\/h2>\n\n\n\n<p>Im Zuge Ihres Besuches dieser Webseite werden wir folgende personenbezogene Daten \u00fcber Sie automatisch erheben:<\/p>\n\n\n\n<ul class=\"wp-block-list\">\n<li>Das Datum und die Uhrzeit des Aufrufs einer Seite auf unserer Intranetseite<\/li>\n\n\n\n<li>Ihre IP-Adresse<\/li>\n\n\n\n<li>Name und Version Ihres Web-Browsers<\/li>\n\n\n\n<li>die Webseite (URL), die Sie vor dem Aufruf dieser Webseite besucht haben<\/li>\n<\/ul>\n\n\n\n<p>Wir verarbeiten Ihre Daten, um Ihnen diese Webseite zur Verf\u00fcgung zu stellen, um Angriffe auf unsere Webseite erkennen, verhindern und untersuchen zu k\u00f6nnen.<\/p>\n\n\n\n<div style=\"height:20px\" aria-hidden=\"true\" class=\"wp-block-spacer\"><\/div>\n\n\n\n<h2 class=\"wp-block-heading\"><strong>2. Rechtsgrundlagen der Verarbeitung<\/strong><\/h2>\n\n\n\n<p>Wir verarbeiten ihre personenbezogenen Daten auf der Grundlage der Notwendigkeit zur Erf\u00fcllung von rechtlichen Pflichten gem\u00e4\u00df Art 6 Abs 1 lit c der Datenschutz-Grundverordnung (\u201eDSGVO\u201c) sowie unseres \u00fcberwiegenden berechtigten Interesses nach Art 6 Abs 1 lit f DSGVO, welches darin besteht, unsere Intranetseite nutzerfreundlich zu gestalten und unsere Webseite vor Angriffen zu sch\u00fctzen.<\/p>\n\n\n\n<p>In Einzelf\u00e4llen: aufgrund Ihrer Einwilligung zur Verarbeitung Ihrer personenbezogenen Daten (Art 6 Abs 1 lit a oder Art 9 Abs 2 lit a DSGVO). Dies wird separat von Ihnen bei Bedarf abgefragt und Ihnen steht Jederzeit die M\u00f6glichkeit offen, die get\u00e4tigte Einwilligung ohne Angabe von Gr\u00fcnden zu widerrufen.<\/p>\n\n\n\n<h2 class=\"wp-block-heading\"><strong><strong>3. \u00dcbermittlung Ihrer personenbezogenen Daten<\/strong><\/strong><\/h2>\n\n\n\n<p><\/p>\n\n\n\n<p>Sofern dies zu den oben genannten Zwecken erforderlich ist, werden wir Ihre personenbezogenen Daten an externe IT-Dienstleister wie etwa Kraftwerk GmbH nach den Bestimmungen des Auftragsdatenverarbeitungsvertrages \u00fcbermitteln.<\/p>\n\n\n\n<h2 class=\"wp-block-heading\"><strong>4. Speicherdauer<\/strong><\/h2>\n\n\n\n<p>Eine Speicherung erfolgt nur soweit dies erforderlich ist, um festgestellte Angriffe auf unsere Intranetseite zu untersuchen und dar\u00fcber hinaus nur bis zur Beendigung ma\u00dfgeblicher Verj\u00e4hrungsfristen, gesetzlicher Aufbewahrungsfristen oder allf\u00e4lliger Rechtsstreitigkeiten, bei denen die Daten als Beweis ben\u00f6tigt werden.<\/p>\n\n\n\n<h2 class=\"wp-block-heading\"><strong>5. Cookies und Plugins<\/strong><\/h2>\n\n\n\n<p>Auf unserer Intranetseite werden Cookies und Plugins verwendet, die aber allesamt unter die Kategorie der so genannten technischen Cookies fallen, die grundlegende Funktionen der Webseite sichern.<\/p>\n\n\n\n<p>Je nach dem genutzten Angebot k\u00f6nnen folgende Cookies oder Plugins zur Anwendung gelangen.<\/p>\n\n\n\n<ul class=\"wp-block-list\">\n<li>CookieYes | GDPR Cookie Consent<\/li>\n\n\n\n<li>UpdraftPlus &#8211; Backup\/Restore<\/li>\n\n\n\n<li>W3 Total Cache<\/li>\n<\/ul>\n\n\n\n<h2 class=\"wp-block-heading\"><strong>6. Ihre Rechte<\/strong><\/h2>\n\n\n\n<p><\/p>\n\n\n\n<p>Ihnen stehen bez\u00fcglich Ihrer bei uns gespeicherten Daten grunds\u00e4tzlich die Rechte auf Auskunft, Berichtigung, L\u00f6schung, Einschr\u00e4nkung, Daten\u00fcbertragbarkeit, Widerruf und Widerspruch zu. Wenn Sie glauben, dass die Verarbeitung Ihrer Daten gegen das Datenschutzrecht verst\u00f6\u00dft oder Ihre datenschutzrechtlichen Anspr\u00fcche sonst in einer Weise verletzt worden sind, k\u00f6nnen Sie sich bei der Datenschutzbeh\u00f6rde beschweren.<\/p>\n\n\n\n<p><\/p>\n\n\n\n<p><strong>Sie erreichen uns unter folgenden Kontaktdaten:<\/strong><\/p>\n\n\n\n<p>Mag. Karin Steigenberger; Tel.Nr.: +43 5 90900 3432; E-Mail: <a href=\"mailto:Karin.Steigenberger@wko.at\">Karin.Steigenberger@wko.at<\/a>&nbsp;&nbsp;&nbsp;<\/p>\n\n\n\n<p>Mag. Thomas Zotter; Tel.Nr.: +43 1 50165-12637: E-Mail: <a href=\"mailto:Thomas.Zotter@akwien.at\">Thomas.Zotter@akwien.at<\/a> <strong><\/strong><\/p>\n\n\n\n<p><strong>Unseren Datenschutzbeauftragten erreichen Sie unter:<\/strong> Ing. Florian K\u00f6ssler, BA, dsb@wko.at, +43 5 90900 4824<\/p>\n\n\n\n<p><\/p>\n\n\n\n<p><\/p>\n","protected":false},"excerpt":{"rendered":"<p>Diese Mitteilung beschreibt wie jene Organisation, die die Webseite sozialpartner.at betreiben, Ihre personenbezogenen Daten verarbeiten. Die f\u00fcr die Webseite gemeinsam verantwortlichen Organisationen sind: 1. Kategorien verarbeiteter Daten und Zwecke der Datenverarbeitung Im Zuge Ihres Besuches dieser Webseite werden wir folgende personenbezogene Daten \u00fcber Sie automatisch erheben: Wir verarbeiten Ihre Daten, um Ihnen diese Webseite zur [&hellip;]<\/p>\n","protected":false},"author":1,"featured_media":0,"parent":0,"menu_order":0,"comment_status":"closed","ping_status":"closed","template":"","meta":{"footnotes":""},"class_list":["post-7251","page","type-page","status-publish","hentry"],"_links":{"self":[{"href":"https:\/\/www.sozialpartner.at\/index.php?rest_route=\/wp\/v2\/pages\/7251","targetHints":{"allow":["GET"]}}],"collection":[{"href":"https:\/\/www.sozialpartner.at\/index.php?rest_route=\/wp\/v2\/pages"}],"about":[{"href":"https:\/\/www.sozialpartner.at\/index.php?rest_route=\/wp\/v2\/types\/page"}],"author":[{"embeddable":true,"href":"https:\/\/www.sozialpartner.at\/index.php?rest_route=\/wp\/v2\/users\/1"}],"replies":[{"embeddable":true,"href":"https:\/\/www.sozialpartner.at\/index.php?rest_route=%2Fwp%2Fv2%2Fcomments&post=7251"}],"version-history":[{"count":4,"href":"https:\/\/www.sozialpartner.at\/index.php?rest_route=\/wp\/v2\/pages\/7251\/revisions"}],"predecessor-version":[{"id":7257,"href":"https:\/\/www.sozialpartner.at\/index.php?rest_route=\/wp\/v2\/pages\/7251\/revisions\/7257"}],"wp:attachment":[{"href":"https:\/\/www.sozialpartner.at\/index.php?rest_route=%2Fwp%2Fv2%2Fmedia&parent=7251"}],"curies":[{"name":"wp","href":"https:\/\/api.w.org\/{rel}","templated":true}]}}